{"id":2960,"date":"2020-01-18T20:03:15","date_gmt":"2020-01-18T23:03:15","guid":{"rendered":"https:\/\/pedro-ismar.com\/artemg\/?page_id=2960"},"modified":"2020-08-25T16:01:34","modified_gmt":"2020-08-25T19:01:34","slug":"sobre-o-projeto","status":"publish","type":"page","link":"https:\/\/francesamaral.com\/pandemia\/sobre-o-projeto\/","title":{"rendered":"Sobre o Projeto"},"content":{"rendered":"<div id=\"pl-2960\"  class=\"panel-layout\" ><div id=\"pg-2960-0\"  class=\"panel-grid panel-no-style\" ><div id=\"pgc-2960-0-0\"  class=\"panel-grid-cell\" ><div data-aos=\"fade-right\" data-aos-duration=\"1000\" class=\"panel-cell-style panel-cell-style-for-2960-0-0\" ><div id=\"panel-2960-0-0-0\" class=\"so-panel widget widget_media_image panel-first-child panel-last-child\" data-index=\"0\" ><img loading=\"lazy\" decoding=\"async\" width=\"900\" height=\"900\" src=\"https:\/\/francesamaral.com\/pandemia\/wp-content\/uploads\/2020\/06\/G.jpg\" class=\"image wp-image-3935  attachment-full size-full\" alt=\"\" style=\"max-width: 100%; height: auto;\" srcset=\"https:\/\/francesamaral.com\/pandemia\/wp-content\/uploads\/2020\/06\/G.jpg 900w, https:\/\/francesamaral.com\/pandemia\/wp-content\/uploads\/2020\/06\/G-300x300.jpg 300w, https:\/\/francesamaral.com\/pandemia\/wp-content\/uploads\/2020\/06\/G-600x600.jpg 600w, https:\/\/francesamaral.com\/pandemia\/wp-content\/uploads\/2020\/06\/G-150x150.jpg 150w, https:\/\/francesamaral.com\/pandemia\/wp-content\/uploads\/2020\/06\/G-768x768.jpg 768w\" sizes=\"auto, (max-width: 900px) 100vw, 900px\" \/><\/div><\/div><\/div><div id=\"pgc-2960-0-1\"  class=\"panel-grid-cell\" ><div data-aos=\"fade-left\" data-aos-duration=\"1000\" class=\"panel-cell-style panel-cell-style-for-2960-0-1\" ><div id=\"panel-2960-0-1-0\" class=\"so-panel widget widget_sow-headline panel-first-child\" data-index=\"1\" ><div\n\t\t\t\n\t\t\tclass=\"so-widget-sow-headline so-widget-sow-headline-default-c73490c67313-2960 so-widget-fittext-wrapper\"\n\t\t\t data-fit-text-compressor=\"0.85\"\n\t\t><div class=\"sow-headline-container \">\n\t\t\t\t\t\t\t<h1 class=\"sow-headline\">\n\t\t\t\t\t\tGALERIA PANDEMIA \t\t\t\t\t\t<\/h1>\n\t\t\t\t\t\t\t\t\t\t\t<div class=\"decoration\">\n\t\t\t\t\t\t<div class=\"decoration-inside\"><\/div>\n\t\t\t\t\t<\/div>\n\t\t\t\t\t\t\t\t\t\t\t<h3 class=\"sow-sub-headline\">\n\t\t\t\t\t\tUma ideia que contamina\t\t\t\t\t\t<\/h3>\n\t\t\t\t\t\t<\/div>\n<\/div><\/div><div id=\"panel-2960-0-1-1\" class=\"so-panel widget widget_text panel-last-child\" data-index=\"2\" >\t\t\t<div class=\"textwidget\"><p><span style=\"font-weight: 400;\">A GALERIA PANDEMIA \u00e9 um espa\u00e7o virtual independente, criado pelos artistas pl\u00e1sticos do coletivo 3H (Frances Amaral, Janaina Lages e Walisson Queiroz) juntamente com o artista visual Pedro Ismar Souto que integra a gest\u00e3o t\u00e9cnica do projeto. Ele tamb\u00e9m atua como artista convidado pelo coletivo na 1\u00aa edi\u00e7\u00e3o da Exposi\u00e7\u00e3o Virtual, como tamb\u00e9m o artista convidado Bernardo Cambraia.<\/span><\/p>\n<p><span style=\"font-weight: 400;\">O projeto \u00e9 uma galeria virtual que conta com um programa de intera\u00e7\u00e3o 3D dentro do Website, com obras de arte exibidas em <\/span><span style=\"font-weight: 400;\">exposi\u00e7\u00f5es digitais itinerantes.<\/span><\/p>\n<p>O projeto de exposi\u00e7\u00e3o \u00e9 um modo de atuarmos em nossa viv\u00eancia atrav\u00e9s de experimenta\u00e7\u00f5es, no ato da cria\u00e7\u00e3o de si enquanto artista e na procura do pr\u00f3prio espa\u00e7o de exist\u00eancia mediante o fazer art\u00edstico.<\/p>\n<p>Mas qual \u00e9 o espa\u00e7o do artista graduando, rec\u00e9m formado ou \u201cda nova gera\u00e7\u00e3o\u201d?<\/p>\n<p>Essa necessidade de criar um espa\u00e7o, surge como uma reivindica\u00e7\u00e3o de cada um dos integrantes, que procuram uma forma de atuar no mundo da arte. Em um universo cheio de burocracias e conven\u00e7\u00f5es, em que os artistas est\u00e3o cada vez ocupando menos os espa\u00e7os designados ou n\u00e3o para a resist\u00eancia e exist\u00eancia da arte.<\/p>\n<p>\u00c9 uma forma de se fazer ver e notar, de existir enquanto artista e criador.<\/p>\n<p><span style=\"font-weight: 400;\">A GALERIA PANDEMIA\u00a0\u00e9 um espa\u00e7o virtual de viv\u00eancia cultural em meio ao caos de uma pandemia.\u00a0<\/span><\/p>\n<\/div>\n\t\t<\/div><\/div><\/div><\/div><div id=\"pg-2960-1\"  class=\"panel-grid panel-no-style\" ><div id=\"pgc-2960-1-0\"  class=\"panel-grid-cell\" ><div data-aos=\"fade-left\" data-aos-duration=\"1000\" class=\"panel-cell-style panel-cell-style-for-2960-1-0\" ><div id=\"panel-2960-1-0-0\" class=\"so-panel widget widget_sow-headline panel-first-child\" data-index=\"3\" ><div\n\t\t\t\n\t\t\tclass=\"so-widget-sow-headline so-widget-sow-headline-default-ce8b16cabe7c-2960\"\n\t\t\t\n\t\t><div class=\"sow-headline-container \">\n\t\t\t\t\t\t\t<h2 class=\"sow-headline\">\n\t\t\t\t\t\tSaiba Mais:\t\t\t\t\t\t<\/h2>\n\t\t\t\t\t\t\t\t\t\t\t<div class=\"decoration\">\n\t\t\t\t\t\t<div class=\"decoration-inside\"><\/div>\n\t\t\t\t\t<\/div>\n\t\t\t\t\t<\/div>\n<\/div><\/div><div id=\"panel-2960-1-0-1\" class=\"so-panel widget widget_themegrill_suffice_iconbox tg-iconbox-container\" data-index=\"4\" ><div class=\"panel-widget-style panel-widget-style-for-2960-1-0-1\" ><div class=\"icon-box icon-box-small\">\n\t\t\t<div class=\"icon-box-icon\" style=color:#ffffff;font-size:32px;background-color:#c40b0b;>\n\t\t\t<div class=\"icon-box-icon-container\">\n\t\t\t\t<div class=\"icon-box-inner-icon\">\n\t\t\t\t\t<i class=\"fa fa-paint-brush\"><\/i>\n\t\t\t\t<\/div>\n\t\t\t<\/div>\n\t\t<\/div>\n\t\t\t<div class=\"icon-box-description\">\n\t\t\t\t\t<h5 class=\"icon-box-title\">Objetivo:<\/h5>\n\t\t\t\t\t\t\t<p class=\"icon-box-content\">O projeto visa a democratiza\u00e7\u00e3o do espa\u00e7o virtual da arte, que surge no momento de isolamento social, com a inten\u00e7\u00e3o de dar visibilidade aos artistas do coletivo, colocando em cr\u00edtica o lugar de pertencimento da arte no mundo digital.<\/p>\n\t\t\t\t\t<\/div>\n<\/div> <!-- end icon-box -->\n<\/div><\/div><div id=\"panel-2960-1-0-2\" class=\"so-panel widget widget_themegrill_suffice_iconbox tg-iconbox-container\" data-index=\"5\" ><div class=\"panel-widget-style panel-widget-style-for-2960-1-0-2\" ><div class=\"icon-box icon-box-small\">\n\t\t\t<div class=\"icon-box-icon\" style=color:#ffffff;font-size:32px;background-color:#c61313;>\n\t\t\t<div class=\"icon-box-icon-container\">\n\t\t\t\t<div class=\"icon-box-inner-icon\">\n\t\t\t\t\t<i class=\"fa fa-money\"><\/i>\n\t\t\t\t<\/div>\n\t\t\t<\/div>\n\t\t<\/div>\n\t\t\t<div class=\"icon-box-description\">\n\t\t\t\t\t<h5 class=\"icon-box-title\">Recursos:<\/h5>\n\t\t\t\t\t\t\t<p class=\"icon-box-content\">Se trata de um projeto independente, sem patroc\u00ednios e recursos financeiros. A \u00fanica fonte \u00e9 a comercializa\u00e7\u00e3o de trabalhos art\u00edsticos dentro da pr\u00f3pria plataforma. Tamb\u00e9m aceitamos contribui\u00e7\u00f5es para a manuten\u00e7\u00e3o do projeto, por meio da nossa vaquinha online.\nAjude um projeto independente!<\/p>\n\t\t\t\t\t\t\t<a class=\"icon-box-readmore\" href=\"http:\/\/vaka.me\/1106832\">CONTRIBUA!<\/a>\n\t\t\t<\/div>\n<\/div> <!-- end icon-box -->\n<\/div><\/div><div id=\"panel-2960-1-0-3\" class=\"so-panel widget widget_themegrill_suffice_iconbox tg-iconbox-container panel-last-child\" data-index=\"6\" ><div class=\"panel-widget-style panel-widget-style-for-2960-1-0-3\" ><div class=\"icon-box icon-box-small\">\n\t\t\t<div class=\"icon-box-icon\" style=color:#ffffff;font-size:32px;background-color:#c40d0d;>\n\t\t\t<div class=\"icon-box-icon-container\">\n\t\t\t\t<div class=\"icon-box-inner-icon\">\n\t\t\t\t\t<i class=\"fa fa-trophy\"><\/i>\n\t\t\t\t<\/div>\n\t\t\t<\/div>\n\t\t<\/div>\n\t\t\t<div class=\"icon-box-description\">\n\t\t\t\t\t<h5 class=\"icon-box-title\">Resultados:<\/h5>\n\t\t\t\t\t\t\t<p class=\"icon-box-content\">A exist\u00eancia deste espa\u00e7o virtual, se resulta em uma exposi\u00e7\u00e3o virtual 3D coletiva e um acervo de material digital como fotos, v\u00eddeos, entrevistas, palestras e videoperformances, que ser\u00e3o produzidos para essa plataforma. <\/p>\n\t\t\t\t\t<\/div>\n<\/div> <!-- end icon-box -->\n<\/div><\/div><\/div><\/div><div id=\"pgc-2960-1-1\"  class=\"panel-grid-cell\" ><div data-aos=\"fade-right\" data-aos-duration=\"1000\" class=\"panel-cell-style panel-cell-style-for-2960-1-1\" ><div id=\"panel-2960-1-1-0\" class=\"so-panel widget widget_media_image panel-first-child panel-last-child\" data-index=\"7\" ><img loading=\"lazy\" decoding=\"async\" width=\"900\" height=\"900\" src=\"https:\/\/francesamaral.com\/pandemia\/wp-content\/uploads\/2020\/06\/466212-PFWXT1-35_1.jpg\" class=\"image wp-image-3882  attachment-full size-full\" alt=\"\" style=\"max-width: 100%; height: auto;\" srcset=\"https:\/\/francesamaral.com\/pandemia\/wp-content\/uploads\/2020\/06\/466212-PFWXT1-35_1.jpg 900w, https:\/\/francesamaral.com\/pandemia\/wp-content\/uploads\/2020\/06\/466212-PFWXT1-35_1-300x300.jpg 300w, https:\/\/francesamaral.com\/pandemia\/wp-content\/uploads\/2020\/06\/466212-PFWXT1-35_1-600x600.jpg 600w, https:\/\/francesamaral.com\/pandemia\/wp-content\/uploads\/2020\/06\/466212-PFWXT1-35_1-150x150.jpg 150w, https:\/\/francesamaral.com\/pandemia\/wp-content\/uploads\/2020\/06\/466212-PFWXT1-35_1-768x768.jpg 768w\" sizes=\"auto, (max-width: 900px) 100vw, 900px\" \/><\/div><\/div><\/div><\/div><div id=\"pg-2960-2\"  class=\"panel-grid panel-has-style\" ><div class=\"panel-row-style panel-row-style-for-2960-2\" ><div id=\"pgc-2960-2-0\"  class=\"panel-grid-cell\" ><div id=\"panel-2960-2-0-0\" class=\"so-panel widget widget_sow-headline panel-first-child panel-last-child\" data-index=\"8\" ><div\n\t\t\t\n\t\t\tclass=\"so-widget-sow-headline so-widget-sow-headline-default-0edba4c94302-2960 so-widget-fittext-wrapper\"\n\t\t\t data-fit-text-compressor=\"0.85\"\n\t\t><div class=\"sow-headline-container \">\n\t\t\t\t\t\t\t<h1 class=\"sow-headline\">\n\t\t\t\t\t\tEQUIPE\t\t\t\t\t\t<\/h1>\n\t\t\t\t\t\t\t\t\t\t\t<div class=\"decoration\">\n\t\t\t\t\t\t<div class=\"decoration-inside\"><\/div>\n\t\t\t\t\t<\/div>\n\t\t\t\t\t<\/div>\n<\/div><\/div><\/div><\/div><\/div><div id=\"pg-2960-3\"  class=\"panel-grid panel-has-style\" ><div data-aos=\"fade-up\" data-aos-duration=\"1000\" class=\"panel-row-style panel-row-style-for-2960-3\" ><div id=\"pgc-2960-3-0\"  class=\"panel-grid-cell\" ><div id=\"panel-2960-3-0-0\" class=\"so-panel widget widget_media_image panel-first-child\" data-index=\"9\" ><div class=\"panel-widget-style panel-widget-style-for-2960-3-0-0\" ><img loading=\"lazy\" decoding=\"async\" width=\"801\" height=\"744\" src=\"https:\/\/francesamaral.com\/pandemia\/wp-content\/uploads\/2020\/07\/IMG_8063-e1595781424896.jpg\" class=\"image wp-image-4603  attachment-full size-full\" alt=\"\" style=\"max-width: 100%; height: auto;\" srcset=\"https:\/\/francesamaral.com\/pandemia\/wp-content\/uploads\/2020\/07\/IMG_8063-e1595781424896.jpg 801w, https:\/\/francesamaral.com\/pandemia\/wp-content\/uploads\/2020\/07\/IMG_8063-e1595781424896-600x557.jpg 600w, https:\/\/francesamaral.com\/pandemia\/wp-content\/uploads\/2020\/07\/IMG_8063-e1595781424896-300x279.jpg 300w, https:\/\/francesamaral.com\/pandemia\/wp-content\/uploads\/2020\/07\/IMG_8063-e1595781424896-768x713.jpg 768w\" sizes=\"auto, (max-width: 801px) 100vw, 801px\" \/><\/div><\/div><div id=\"panel-2960-3-0-1\" class=\"so-panel widget widget_sow-editor panel-last-child\" data-index=\"10\" ><div\n\t\t\t\n\t\t\tclass=\"so-widget-sow-editor so-widget-sow-editor-base\"\n\t\t\t\n\t\t>\n<div class=\"siteorigin-widget-tinymce textwidget\">\n\t<h3 style=\"text-align: center;\">Frances Amaral<\/h3>\n<p style=\"text-align: center;\">Organiza\u00e7\u00e3o\/ Curadoria\/ Desenvolvimento do Website\/ Desenvolvimento do Modelo 3D<\/p>\n<\/div>\n<\/div><\/div><\/div><div id=\"pgc-2960-3-1\"  class=\"panel-grid-cell\" ><div id=\"panel-2960-3-1-0\" class=\"so-panel widget widget_media_image panel-first-child\" data-index=\"11\" ><div class=\"panel-widget-style panel-widget-style-for-2960-3-1-0\" ><img loading=\"lazy\" decoding=\"async\" width=\"787\" height=\"731\" src=\"https:\/\/francesamaral.com\/pandemia\/wp-content\/uploads\/2020\/07\/IMG_7915-e1595781470353.jpg\" class=\"image wp-image-4602  attachment-full size-full\" alt=\"\" style=\"max-width: 100%; height: auto;\" srcset=\"https:\/\/francesamaral.com\/pandemia\/wp-content\/uploads\/2020\/07\/IMG_7915-e1595781470353.jpg 787w, https:\/\/francesamaral.com\/pandemia\/wp-content\/uploads\/2020\/07\/IMG_7915-e1595781470353-600x557.jpg 600w, https:\/\/francesamaral.com\/pandemia\/wp-content\/uploads\/2020\/07\/IMG_7915-e1595781470353-300x279.jpg 300w, https:\/\/francesamaral.com\/pandemia\/wp-content\/uploads\/2020\/07\/IMG_7915-e1595781470353-768x713.jpg 768w\" sizes=\"auto, (max-width: 787px) 100vw, 787px\" \/><\/div><\/div><div id=\"panel-2960-3-1-1\" class=\"so-panel widget widget_sow-editor panel-last-child\" data-index=\"12\" ><div\n\t\t\t\n\t\t\tclass=\"so-widget-sow-editor so-widget-sow-editor-base\"\n\t\t\t\n\t\t>\n<div class=\"siteorigin-widget-tinymce textwidget\">\n\t<h3 style=\"text-align: center;\">Pedro Ismar<\/h3>\n<p style=\"text-align: center;\">Assist\u00eancia e Desenvolvimento do Website e Modelo 3D<\/p>\n<\/div>\n<\/div><\/div><\/div><div id=\"pgc-2960-3-2\"  class=\"panel-grid-cell\" ><div id=\"panel-2960-3-2-0\" class=\"so-panel widget widget_media_image panel-first-child\" data-index=\"13\" ><div class=\"panel-widget-style panel-widget-style-for-2960-3-2-0\" ><img loading=\"lazy\" decoding=\"async\" width=\"366\" height=\"335\" src=\"https:\/\/francesamaral.com\/pandemia\/wp-content\/uploads\/2020\/07\/Sem-t\u00edtulo-e1595781873948.png\" class=\"image wp-image-4612  attachment-full size-full\" alt=\"\" style=\"max-width: 100%; height: auto;\" srcset=\"https:\/\/francesamaral.com\/pandemia\/wp-content\/uploads\/2020\/07\/Sem-t\u00edtulo-e1595781873948.png 366w, https:\/\/francesamaral.com\/pandemia\/wp-content\/uploads\/2020\/07\/Sem-t\u00edtulo-e1595781873948-300x275.png 300w\" sizes=\"auto, (max-width: 366px) 100vw, 366px\" \/><\/div><\/div><div id=\"panel-2960-3-2-1\" class=\"so-panel widget widget_sow-editor panel-last-child\" data-index=\"14\" ><div\n\t\t\t\n\t\t\tclass=\"so-widget-sow-editor so-widget-sow-editor-base\"\n\t\t\t\n\t\t>\n<div class=\"siteorigin-widget-tinymce textwidget\">\n\t<h3 style=\"text-align: center;\">Janaina Lages<\/h3>\n<p style=\"text-align: center;\">Assist\u00eancia de Curadoria<\/p>\n<\/div>\n<\/div><\/div><\/div><div id=\"pgc-2960-3-3\"  class=\"panel-grid-cell\" ><div id=\"panel-2960-3-3-0\" class=\"so-panel widget widget_media_image panel-first-child\" data-index=\"15\" ><div class=\"panel-widget-style panel-widget-style-for-2960-3-3-0\" ><img loading=\"lazy\" decoding=\"async\" width=\"844\" height=\"782\" src=\"https:\/\/francesamaral.com\/pandemia\/wp-content\/uploads\/2020\/07\/WhatsApp-Image-2020-02-21-at-16.26.15-e1595781545976.jpg\" class=\"image wp-image-4605  attachment-full size-full\" alt=\"\" style=\"max-width: 100%; height: auto;\" srcset=\"https:\/\/francesamaral.com\/pandemia\/wp-content\/uploads\/2020\/07\/WhatsApp-Image-2020-02-21-at-16.26.15-e1595781545976.jpg 844w, https:\/\/francesamaral.com\/pandemia\/wp-content\/uploads\/2020\/07\/WhatsApp-Image-2020-02-21-at-16.26.15-e1595781545976-600x556.jpg 600w, https:\/\/francesamaral.com\/pandemia\/wp-content\/uploads\/2020\/07\/WhatsApp-Image-2020-02-21-at-16.26.15-e1595781545976-300x278.jpg 300w, https:\/\/francesamaral.com\/pandemia\/wp-content\/uploads\/2020\/07\/WhatsApp-Image-2020-02-21-at-16.26.15-e1595781545976-768x712.jpg 768w\" sizes=\"auto, (max-width: 844px) 100vw, 844px\" \/><\/div><\/div><div id=\"panel-2960-3-3-1\" class=\"so-panel widget widget_sow-editor panel-last-child\" data-index=\"16\" ><div\n\t\t\t\n\t\t\tclass=\"so-widget-sow-editor so-widget-sow-editor-base\"\n\t\t\t\n\t\t>\n<div class=\"siteorigin-widget-tinymce textwidget\">\n\t<h3 style=\"text-align: center;\">Walisson Queiroz<\/h3>\n<p style=\"text-align: center;\">Assist\u00eancia\/ Apoio<\/p>\n<\/div>\n<\/div><\/div><\/div><\/div><\/div><div id=\"pg-2960-4\"  class=\"panel-grid panel-no-style\" ><div id=\"pgc-2960-4-0\"  class=\"panel-grid-cell\" ><div id=\"panel-2960-4-0-0\" class=\"so-panel widget widget_text panel-first-child panel-last-child\" data-index=\"17\" >\t\t\t<div class=\"textwidget\"><p>&nbsp;<\/p>\n<p>&nbsp;<\/p>\n<p>&nbsp;<\/p>\n<\/div>\n\t\t<\/div><\/div><\/div><\/div>","protected":false},"excerpt":{"rendered":"<p>A GALERIA PANDEMIA \u00e9 um espa\u00e7o virtual independente, criado pelos artistas pl\u00e1sticos do coletivo 3H (Frances Amaral, Janaina Lages e Walisson Queiroz) juntamente com o artista visual Pedro Ismar Souto que integra a gest\u00e3o t\u00e9cnica do projeto. Ele tamb\u00e9m atua<\/p>\n","protected":false},"author":1,"featured_media":0,"parent":0,"menu_order":0,"comment_status":"closed","ping_status":"closed","template":"page-templates\/page-builder.php","meta":{"inline_featured_image":false,"footnotes":""},"class_list":["post-2960","page","type-page","status-publish","hentry"],"yoast_head":"<!-- This site is optimized with the Yoast SEO plugin v26.9 - https:\/\/yoast.com\/product\/yoast-seo-wordpress\/ -->\n<title>Sobre o Projeto | Galeria Pandemia<\/title>\n<meta name=\"robots\" content=\"index, follow, max-snippet:-1, max-image-preview:large, max-video-preview:-1\" \/>\n<link rel=\"canonical\" href=\"https:\/\/francesamaral.com\/pandemia\/sobre-o-projeto\/\" \/>\n<meta property=\"og:locale\" content=\"pt_BR\" \/>\n<meta property=\"og:type\" content=\"article\" \/>\n<meta property=\"og:title\" content=\"Sobre o Projeto | Galeria Pandemia\" \/>\n<meta property=\"og:description\" content=\"A GALERIA PANDEMIA \u00e9 um espa\u00e7o virtual independente, criado pelos artistas pl\u00e1sticos do coletivo 3H (Frances Amaral, Janaina Lages e Walisson Queiroz) juntamente com o artista visual Pedro Ismar Souto que integra a gest\u00e3o t\u00e9cnica do projeto. Ele tamb\u00e9m atua\" \/>\n<meta property=\"og:url\" content=\"https:\/\/francesamaral.com\/pandemia\/sobre-o-projeto\/\" \/>\n<meta property=\"og:site_name\" content=\"Galeria Pandemia\" \/>\n<meta property=\"article:publisher\" content=\"https:\/\/www.facebook.com\/agenciaimagens\" \/>\n<meta property=\"article:modified_time\" content=\"2020-08-25T19:01:34+00:00\" \/>\n<meta name=\"twitter:card\" content=\"summary_large_image\" \/>\n<meta name=\"twitter:label1\" content=\"Est. tempo de leitura\" \/>\n\t<meta name=\"twitter:data1\" content=\"2 minutos\" \/>\n<script type=\"application\/ld+json\" class=\"yoast-schema-graph\">{\"@context\":\"https:\/\/schema.org\",\"@graph\":[{\"@type\":\"WebPage\",\"@id\":\"https:\/\/francesamaral.com\/pandemia\/sobre-o-projeto\/\",\"url\":\"https:\/\/francesamaral.com\/pandemia\/sobre-o-projeto\/\",\"name\":\"Sobre o Projeto | Galeria Pandemia\",\"isPartOf\":{\"@id\":\"https:\/\/francesamaral.com\/pandemia\/#website\"},\"datePublished\":\"2020-01-18T23:03:15+00:00\",\"dateModified\":\"2020-08-25T19:01:34+00:00\",\"breadcrumb\":{\"@id\":\"https:\/\/francesamaral.com\/pandemia\/sobre-o-projeto\/#breadcrumb\"},\"inLanguage\":\"pt-BR\",\"potentialAction\":[{\"@type\":\"ReadAction\",\"target\":[\"https:\/\/francesamaral.com\/pandemia\/sobre-o-projeto\/\"]}]},{\"@type\":\"BreadcrumbList\",\"@id\":\"https:\/\/francesamaral.com\/pandemia\/sobre-o-projeto\/#breadcrumb\",\"itemListElement\":[{\"@type\":\"ListItem\",\"position\":1,\"name\":\"In\u00edcio\",\"item\":\"https:\/\/francesamaral.com\/pandemia\/\"},{\"@type\":\"ListItem\",\"position\":2,\"name\":\"Sobre o Projeto\"}]},{\"@type\":\"WebSite\",\"@id\":\"https:\/\/francesamaral.com\/pandemia\/#website\",\"url\":\"https:\/\/francesamaral.com\/pandemia\/\",\"name\":\"Ag\u00eancia Imagens\",\"description\":\"Uma ideia que contamina.\",\"publisher\":{\"@id\":\"https:\/\/francesamaral.com\/pandemia\/#organization\"},\"potentialAction\":[{\"@type\":\"SearchAction\",\"target\":{\"@type\":\"EntryPoint\",\"urlTemplate\":\"https:\/\/francesamaral.com\/pandemia\/?s={search_term_string}\"},\"query-input\":{\"@type\":\"PropertyValueSpecification\",\"valueRequired\":true,\"valueName\":\"search_term_string\"}}],\"inLanguage\":\"pt-BR\"},{\"@type\":\"Organization\",\"@id\":\"https:\/\/francesamaral.com\/pandemia\/#organization\",\"name\":\"Ag\u00eancia Imagens\",\"url\":\"https:\/\/francesamaral.com\/pandemia\/\",\"logo\":{\"@type\":\"ImageObject\",\"inLanguage\":\"pt-BR\",\"@id\":\"https:\/\/francesamaral.com\/pandemia\/#\/schema\/logo\/image\/\",\"url\":\"\",\"contentUrl\":\"\",\"caption\":\"Ag\u00eancia Imagens\"},\"image\":{\"@id\":\"https:\/\/francesamaral.com\/pandemia\/#\/schema\/logo\/image\/\"},\"sameAs\":[\"https:\/\/www.facebook.com\/agenciaimagens\",\"https:\/\/www.instagram.com\/agenciaimagens\/\"]}]}<\/script>\n<!-- \/ Yoast SEO plugin. -->","yoast_head_json":{"title":"Sobre o Projeto | Galeria Pandemia","robots":{"index":"index","follow":"follow","max-snippet":"max-snippet:-1","max-image-preview":"max-image-preview:large","max-video-preview":"max-video-preview:-1"},"canonical":"https:\/\/francesamaral.com\/pandemia\/sobre-o-projeto\/","og_locale":"pt_BR","og_type":"article","og_title":"Sobre o Projeto | Galeria Pandemia","og_description":"A GALERIA PANDEMIA \u00e9 um espa\u00e7o virtual independente, criado pelos artistas pl\u00e1sticos do coletivo 3H (Frances Amaral, Janaina Lages e Walisson Queiroz) juntamente com o artista visual Pedro Ismar Souto que integra a gest\u00e3o t\u00e9cnica do projeto. Ele tamb\u00e9m atua","og_url":"https:\/\/francesamaral.com\/pandemia\/sobre-o-projeto\/","og_site_name":"Galeria Pandemia","article_publisher":"https:\/\/www.facebook.com\/agenciaimagens","article_modified_time":"2020-08-25T19:01:34+00:00","twitter_card":"summary_large_image","twitter_misc":{"Est. tempo de leitura":"2 minutos"},"schema":{"@context":"https:\/\/schema.org","@graph":[{"@type":"WebPage","@id":"https:\/\/francesamaral.com\/pandemia\/sobre-o-projeto\/","url":"https:\/\/francesamaral.com\/pandemia\/sobre-o-projeto\/","name":"Sobre o Projeto | Galeria Pandemia","isPartOf":{"@id":"https:\/\/francesamaral.com\/pandemia\/#website"},"datePublished":"2020-01-18T23:03:15+00:00","dateModified":"2020-08-25T19:01:34+00:00","breadcrumb":{"@id":"https:\/\/francesamaral.com\/pandemia\/sobre-o-projeto\/#breadcrumb"},"inLanguage":"pt-BR","potentialAction":[{"@type":"ReadAction","target":["https:\/\/francesamaral.com\/pandemia\/sobre-o-projeto\/"]}]},{"@type":"BreadcrumbList","@id":"https:\/\/francesamaral.com\/pandemia\/sobre-o-projeto\/#breadcrumb","itemListElement":[{"@type":"ListItem","position":1,"name":"In\u00edcio","item":"https:\/\/francesamaral.com\/pandemia\/"},{"@type":"ListItem","position":2,"name":"Sobre o Projeto"}]},{"@type":"WebSite","@id":"https:\/\/francesamaral.com\/pandemia\/#website","url":"https:\/\/francesamaral.com\/pandemia\/","name":"Ag\u00eancia Imagens","description":"Uma ideia que contamina.","publisher":{"@id":"https:\/\/francesamaral.com\/pandemia\/#organization"},"potentialAction":[{"@type":"SearchAction","target":{"@type":"EntryPoint","urlTemplate":"https:\/\/francesamaral.com\/pandemia\/?s={search_term_string}"},"query-input":{"@type":"PropertyValueSpecification","valueRequired":true,"valueName":"search_term_string"}}],"inLanguage":"pt-BR"},{"@type":"Organization","@id":"https:\/\/francesamaral.com\/pandemia\/#organization","name":"Ag\u00eancia Imagens","url":"https:\/\/francesamaral.com\/pandemia\/","logo":{"@type":"ImageObject","inLanguage":"pt-BR","@id":"https:\/\/francesamaral.com\/pandemia\/#\/schema\/logo\/image\/","url":"","contentUrl":"","caption":"Ag\u00eancia Imagens"},"image":{"@id":"https:\/\/francesamaral.com\/pandemia\/#\/schema\/logo\/image\/"},"sameAs":["https:\/\/www.facebook.com\/agenciaimagens","https:\/\/www.instagram.com\/agenciaimagens\/"]}]}},"_links":{"self":[{"href":"https:\/\/francesamaral.com\/pandemia\/wp-json\/wp\/v2\/pages\/2960","targetHints":{"allow":["GET"]}}],"collection":[{"href":"https:\/\/francesamaral.com\/pandemia\/wp-json\/wp\/v2\/pages"}],"about":[{"href":"https:\/\/francesamaral.com\/pandemia\/wp-json\/wp\/v2\/types\/page"}],"author":[{"embeddable":true,"href":"https:\/\/francesamaral.com\/pandemia\/wp-json\/wp\/v2\/users\/1"}],"replies":[{"embeddable":true,"href":"https:\/\/francesamaral.com\/pandemia\/wp-json\/wp\/v2\/comments?post=2960"}],"version-history":[{"count":112,"href":"https:\/\/francesamaral.com\/pandemia\/wp-json\/wp\/v2\/pages\/2960\/revisions"}],"predecessor-version":[{"id":5141,"href":"https:\/\/francesamaral.com\/pandemia\/wp-json\/wp\/v2\/pages\/2960\/revisions\/5141"}],"wp:attachment":[{"href":"https:\/\/francesamaral.com\/pandemia\/wp-json\/wp\/v2\/media?parent=2960"}],"curies":[{"name":"wp","href":"https:\/\/api.w.org\/{rel}","templated":true}]}}