{"id":3,"date":"2019-11-14T13:19:37","date_gmt":"2019-11-14T15:19:37","guid":{"rendered":"https:\/\/pedro-ismar.com\/artemg\/?page_id=3"},"modified":"2020-08-27T15:40:49","modified_gmt":"2020-08-27T18:40:49","slug":"politica-de-privacidade","status":"publish","type":"page","link":"https:\/\/francesamaral.com\/pandemia\/politica-de-privacidade\/","title":{"rendered":"Pol\u00edtica de privacidade"},"content":{"rendered":"\n<h4 class=\"wp-block-heading\">SEGURAN\u00c7A<\/h4>\n\n\n\n<p>A <strong>GALERIA PANDEMIA<\/strong> garante seguran\u00e7a e privacidade de identidade aos internautas que fazem compras na loja virtual. Dados cadastrados como nome, endere\u00e7o e n\u00famero de cart\u00e3o de cr\u00e9dito s\u00e3o protegidos por sistemas avan\u00e7ados de criptografia.&nbsp;<\/p>\n\n\n\n<p>O site <strong><a href=\"https:\/\/francesamaral.com\/pandemia\">galeriapandemia.com<\/a><\/strong> tem adotado os n\u00edveis legalmente requeridos quanto \u00e0 seguran\u00e7a na prote\u00e7\u00e3o de dados, tendo instalado todos os meios e medidas t\u00e9cnicas ao seu alcance para evitar a perda, mau uso, altera\u00e7\u00e3o, acesso n\u00e3o autorizado ou subtra\u00e7\u00e3o indevida dos Dados Pessoais recolhidos.&nbsp;<\/p>\n\n\n\n<p>A <strong><strong>GALERIA PANDEMIA<\/strong><\/strong> reserva-se o direito de modificar a presente pol\u00edtica para adapt\u00e1-la a altera\u00e7\u00f5es legislativas ou jurisprud\u00eancias, ou aquelas relativas \u00e0s pr\u00e1ticas comerciais. Em qualquer caso, a <strong><strong>GALERIA PANDEMIA<\/strong><\/strong> anunciar\u00e1 no site, por meio desta p\u00e1gina, as mudan\u00e7as introduzidas com uma anteced\u00eancia razo\u00e1vel \u00e0 sua coloca\u00e7\u00e3o em pr\u00e1tica.<\/p>\n\n\n\n<div style=\"height:42px\" aria-hidden=\"true\" class=\"wp-block-spacer\"><\/div>\n\n\n\n<h4 class=\"wp-block-heading\">UTILIZA\u00c7\u00c3O DAS INFORMA\u00c7\u00d5ES<\/h4>\n\n\n\n<p>As informa\u00e7\u00f5es pessoais fornecidas pelos clientes s\u00e3o utilizadas com o prop\u00f3sito b\u00e1sico de identificar o p\u00fablico usu\u00e1rio, seu perfil e h\u00e1bitos de compra, para gest\u00e3o, administra\u00e7\u00e3o, atendimento, amplia\u00e7\u00e3o e melhorias nos produtos e servi\u00e7os oferecidos; tamb\u00e9m para a adequa\u00e7\u00e3o dos servi\u00e7os \u00e0s prefer\u00eancias e gostos dos usu\u00e1rios, para a cria\u00e7\u00e3o de novos produtos e servi\u00e7os, para o envio de informa\u00e7\u00f5es operacionais e comerciais relativas aos produtos e servi\u00e7os, por meios tradicionais e\/ou eletr\u00f4nicos.<\/p>\n\n\n\n<p><strong>A GALERIA PANDEMIA SE COMPROMETE A:<\/strong><\/p>\n\n\n\n<p>\u2013 Corrigir prontamente quaisquer altera\u00e7\u00f5es relativas aos Dados Pessoais do Usu\u00e1rio. Para tanto, o Usu\u00e1rio dever\u00e1 informar a&nbsp; <strong><strong>GALERIA PANDEMIA<\/strong><\/strong> toda mudan\u00e7a nos respectivos dados;<\/p>\n\n\n\n<p>\u2013 N\u00e3o divulgar sem pr\u00e9via autoriza\u00e7\u00e3o, em hip\u00f3tese alguma, o e-mail do internauta que se cadastrar em p\u00e1ginas que requerem preenchimento de dados pessoais;<\/p>\n\n\n\n<p>\u2013 Possibilitar ao internauta o cancelamento, a qualquer momento, do envio por e-mail de material informativo solicitado anteriormente;<\/p>\n\n\n\n<p>\u2013 N\u00e3o comercializar ou divulgar os dados de seus clientes para outros fins que n\u00e3o sejam para a\u00e7\u00f5es da <strong><strong>GALERIA PANDEMIA<\/strong><\/strong> , sejam eles atrav\u00e9s de contatos de nossa \u00e1rea de relacionamento e informa\u00e7\u00f5es sobre produtos e promo\u00e7\u00f5es.<\/p>\n\n\n\n<p>A <strong><strong>GALERIA PANDEMIA<\/strong><\/strong>&nbsp;&nbsp;&nbsp;adota como pol\u00edtica o compromisso de n\u00e3o divulgar informa\u00e7\u00f5es sobre os acessos realizados por seus usu\u00e1rios, a menos que seja obrigado a faz\u00ea-lo mediante ordem judicial ou no estrito cumprimento de norma legal. Da mesma forma, a <strong><strong>GALERIA PANDEMIA<\/strong><\/strong>&nbsp; mant\u00e9m confidenciais os dados cadastrais privados de seus usu\u00e1rios, s\u00f3 os revelando a terceiros nos casos em que n\u00e3o haja veda\u00e7\u00f5es legais, ou em raz\u00e3o de ordem judicial ou, ainda, mediante autoriza\u00e7\u00e3o de seus titulares.<\/p>\n\n\n\n<div style=\"height:42px\" aria-hidden=\"true\" class=\"wp-block-spacer\"><\/div>\n\n\n\n<h4 class=\"wp-block-heading\">E-MAIL MARKETING<\/h4>\n\n\n\n<p>Nossa pr\u00e1tica de envio de e-mail marketing est\u00e1 dentro dos padr\u00f5es estabelecidos pelo C\u00f3digo de Autorregulamenta\u00e7\u00e3o para Pr\u00e1tica de E-mail Marketing (CAPEM) que prev\u00ea de acordo com o Cap\u00edtulo I, Art. 1\u00b0 a utiliza\u00e7\u00e3o de e-mail como ferramenta de marketing, de forma \u00e9tica, pertinente e respons\u00e1vel, sem preju\u00edzo da concomitante aplica\u00e7\u00e3o da legisla\u00e7\u00e3o vigente aplic\u00e1vel.<\/p>\n\n\n\n<p>O envio de e-mails ser\u00e1 feito apenas com o seu consentimento e poder\u00e1 ser desativado a qualquer momento em um link de descadastro existente dentro das newsletters. No entanto, ap\u00f3s requisitar o cancelamento, a <strong><strong>GALERIA PANDEMIA<\/strong><\/strong> poder\u00e1 levar at\u00e9 sete dias para processar sua solicita\u00e7\u00e3o.<\/p>\n\n\n\n<p>A <strong><strong>GALERIA PANDEMIA<\/strong><\/strong> \u00e9 contra o envio de e-mails sem autoriza\u00e7\u00e3o pr\u00e9via (conhecidos como SPAM). Ao se cadastrar em nosso site, voc\u00ea poder\u00e1 escolher se deseja ou n\u00e3o receber e-mails com informa\u00e7\u00f5es e promo\u00e7\u00f5es da <strong><strong>GALERIA PANDEMIA<\/strong><\/strong> . A <strong><strong>GALERIA PANDEMIA<\/strong><\/strong> nunca envia e-mails solicitando confirma\u00e7\u00e3o de dados\/cadastro ou com anexos execut\u00e1veis (extens\u00e3o exe, com, scr, bat) e links para download.<\/p>\n\n\n\n<p><\/p>\n","protected":false},"excerpt":{"rendered":"<p>SEGURAN\u00c7A A GALERIA PANDEMIA garante seguran\u00e7a e privacidade de identidade aos internautas que fazem compras na loja virtual. Dados cadastrados como nome, endere\u00e7o e n\u00famero de cart\u00e3o de cr\u00e9dito s\u00e3o protegidos por sistemas avan\u00e7ados de criptografia.&nbsp; O site galeriapandemia.com tem<\/p>\n","protected":false},"author":1,"featured_media":0,"parent":0,"menu_order":0,"comment_status":"closed","ping_status":"open","template":"","meta":{"inline_featured_image":false,"footnotes":""},"class_list":["post-3","page","type-page","status-publish","hentry"],"yoast_head":"<!-- This site is optimized with the Yoast SEO plugin v26.9 - https:\/\/yoast.com\/product\/yoast-seo-wordpress\/ -->\n<title>Pol\u00edtica de privacidade | Galeria Pandemia<\/title>\n<meta name=\"robots\" content=\"index, follow, max-snippet:-1, max-image-preview:large, max-video-preview:-1\" \/>\n<link rel=\"canonical\" href=\"https:\/\/francesamaral.com\/pandemia\/politica-de-privacidade\/\" \/>\n<meta property=\"og:locale\" content=\"pt_BR\" \/>\n<meta property=\"og:type\" content=\"article\" \/>\n<meta property=\"og:title\" content=\"Pol\u00edtica de privacidade | Galeria Pandemia\" \/>\n<meta property=\"og:description\" content=\"SEGURAN\u00c7A A GALERIA PANDEMIA garante seguran\u00e7a e privacidade de identidade aos internautas que fazem compras na loja virtual. Dados cadastrados como nome, endere\u00e7o e n\u00famero de cart\u00e3o de cr\u00e9dito s\u00e3o protegidos por sistemas avan\u00e7ados de criptografia.&nbsp; O site galeriapandemia.com tem\" \/>\n<meta property=\"og:url\" content=\"https:\/\/francesamaral.com\/pandemia\/politica-de-privacidade\/\" \/>\n<meta property=\"og:site_name\" content=\"Galeria Pandemia\" \/>\n<meta property=\"article:publisher\" content=\"https:\/\/www.facebook.com\/agenciaimagens\" \/>\n<meta property=\"article:modified_time\" content=\"2020-08-27T18:40:49+00:00\" \/>\n<meta name=\"twitter:card\" content=\"summary_large_image\" \/>\n<meta name=\"twitter:label1\" content=\"Est. tempo de leitura\" \/>\n\t<meta name=\"twitter:data1\" content=\"3 minutos\" \/>\n<script type=\"application\/ld+json\" class=\"yoast-schema-graph\">{\"@context\":\"https:\/\/schema.org\",\"@graph\":[{\"@type\":\"WebPage\",\"@id\":\"https:\/\/francesamaral.com\/pandemia\/politica-de-privacidade\/\",\"url\":\"https:\/\/francesamaral.com\/pandemia\/politica-de-privacidade\/\",\"name\":\"Pol\u00edtica de privacidade | Galeria Pandemia\",\"isPartOf\":{\"@id\":\"https:\/\/francesamaral.com\/pandemia\/#website\"},\"datePublished\":\"2019-11-14T15:19:37+00:00\",\"dateModified\":\"2020-08-27T18:40:49+00:00\",\"breadcrumb\":{\"@id\":\"https:\/\/francesamaral.com\/pandemia\/politica-de-privacidade\/#breadcrumb\"},\"inLanguage\":\"pt-BR\",\"potentialAction\":[{\"@type\":\"ReadAction\",\"target\":[\"https:\/\/francesamaral.com\/pandemia\/politica-de-privacidade\/\"]}]},{\"@type\":\"BreadcrumbList\",\"@id\":\"https:\/\/francesamaral.com\/pandemia\/politica-de-privacidade\/#breadcrumb\",\"itemListElement\":[{\"@type\":\"ListItem\",\"position\":1,\"name\":\"In\u00edcio\",\"item\":\"https:\/\/francesamaral.com\/pandemia\/\"},{\"@type\":\"ListItem\",\"position\":2,\"name\":\"Pol\u00edtica de privacidade\"}]},{\"@type\":\"WebSite\",\"@id\":\"https:\/\/francesamaral.com\/pandemia\/#website\",\"url\":\"https:\/\/francesamaral.com\/pandemia\/\",\"name\":\"Ag\u00eancia Imagens\",\"description\":\"Uma ideia que contamina.\",\"publisher\":{\"@id\":\"https:\/\/francesamaral.com\/pandemia\/#organization\"},\"potentialAction\":[{\"@type\":\"SearchAction\",\"target\":{\"@type\":\"EntryPoint\",\"urlTemplate\":\"https:\/\/francesamaral.com\/pandemia\/?s={search_term_string}\"},\"query-input\":{\"@type\":\"PropertyValueSpecification\",\"valueRequired\":true,\"valueName\":\"search_term_string\"}}],\"inLanguage\":\"pt-BR\"},{\"@type\":\"Organization\",\"@id\":\"https:\/\/francesamaral.com\/pandemia\/#organization\",\"name\":\"Ag\u00eancia Imagens\",\"url\":\"https:\/\/francesamaral.com\/pandemia\/\",\"logo\":{\"@type\":\"ImageObject\",\"inLanguage\":\"pt-BR\",\"@id\":\"https:\/\/francesamaral.com\/pandemia\/#\/schema\/logo\/image\/\",\"url\":\"\",\"contentUrl\":\"\",\"caption\":\"Ag\u00eancia Imagens\"},\"image\":{\"@id\":\"https:\/\/francesamaral.com\/pandemia\/#\/schema\/logo\/image\/\"},\"sameAs\":[\"https:\/\/www.facebook.com\/agenciaimagens\",\"https:\/\/www.instagram.com\/agenciaimagens\/\"]}]}<\/script>\n<!-- \/ Yoast SEO plugin. -->","yoast_head_json":{"title":"Pol\u00edtica de privacidade | Galeria Pandemia","robots":{"index":"index","follow":"follow","max-snippet":"max-snippet:-1","max-image-preview":"max-image-preview:large","max-video-preview":"max-video-preview:-1"},"canonical":"https:\/\/francesamaral.com\/pandemia\/politica-de-privacidade\/","og_locale":"pt_BR","og_type":"article","og_title":"Pol\u00edtica de privacidade | Galeria Pandemia","og_description":"SEGURAN\u00c7A A GALERIA PANDEMIA garante seguran\u00e7a e privacidade de identidade aos internautas que fazem compras na loja virtual. Dados cadastrados como nome, endere\u00e7o e n\u00famero de cart\u00e3o de cr\u00e9dito s\u00e3o protegidos por sistemas avan\u00e7ados de criptografia.&nbsp; O site galeriapandemia.com tem","og_url":"https:\/\/francesamaral.com\/pandemia\/politica-de-privacidade\/","og_site_name":"Galeria Pandemia","article_publisher":"https:\/\/www.facebook.com\/agenciaimagens","article_modified_time":"2020-08-27T18:40:49+00:00","twitter_card":"summary_large_image","twitter_misc":{"Est. tempo de leitura":"3 minutos"},"schema":{"@context":"https:\/\/schema.org","@graph":[{"@type":"WebPage","@id":"https:\/\/francesamaral.com\/pandemia\/politica-de-privacidade\/","url":"https:\/\/francesamaral.com\/pandemia\/politica-de-privacidade\/","name":"Pol\u00edtica de privacidade | Galeria Pandemia","isPartOf":{"@id":"https:\/\/francesamaral.com\/pandemia\/#website"},"datePublished":"2019-11-14T15:19:37+00:00","dateModified":"2020-08-27T18:40:49+00:00","breadcrumb":{"@id":"https:\/\/francesamaral.com\/pandemia\/politica-de-privacidade\/#breadcrumb"},"inLanguage":"pt-BR","potentialAction":[{"@type":"ReadAction","target":["https:\/\/francesamaral.com\/pandemia\/politica-de-privacidade\/"]}]},{"@type":"BreadcrumbList","@id":"https:\/\/francesamaral.com\/pandemia\/politica-de-privacidade\/#breadcrumb","itemListElement":[{"@type":"ListItem","position":1,"name":"In\u00edcio","item":"https:\/\/francesamaral.com\/pandemia\/"},{"@type":"ListItem","position":2,"name":"Pol\u00edtica de privacidade"}]},{"@type":"WebSite","@id":"https:\/\/francesamaral.com\/pandemia\/#website","url":"https:\/\/francesamaral.com\/pandemia\/","name":"Ag\u00eancia Imagens","description":"Uma ideia que contamina.","publisher":{"@id":"https:\/\/francesamaral.com\/pandemia\/#organization"},"potentialAction":[{"@type":"SearchAction","target":{"@type":"EntryPoint","urlTemplate":"https:\/\/francesamaral.com\/pandemia\/?s={search_term_string}"},"query-input":{"@type":"PropertyValueSpecification","valueRequired":true,"valueName":"search_term_string"}}],"inLanguage":"pt-BR"},{"@type":"Organization","@id":"https:\/\/francesamaral.com\/pandemia\/#organization","name":"Ag\u00eancia Imagens","url":"https:\/\/francesamaral.com\/pandemia\/","logo":{"@type":"ImageObject","inLanguage":"pt-BR","@id":"https:\/\/francesamaral.com\/pandemia\/#\/schema\/logo\/image\/","url":"","contentUrl":"","caption":"Ag\u00eancia Imagens"},"image":{"@id":"https:\/\/francesamaral.com\/pandemia\/#\/schema\/logo\/image\/"},"sameAs":["https:\/\/www.facebook.com\/agenciaimagens","https:\/\/www.instagram.com\/agenciaimagens\/"]}]}},"_links":{"self":[{"href":"https:\/\/francesamaral.com\/pandemia\/wp-json\/wp\/v2\/pages\/3","targetHints":{"allow":["GET"]}}],"collection":[{"href":"https:\/\/francesamaral.com\/pandemia\/wp-json\/wp\/v2\/pages"}],"about":[{"href":"https:\/\/francesamaral.com\/pandemia\/wp-json\/wp\/v2\/types\/page"}],"author":[{"embeddable":true,"href":"https:\/\/francesamaral.com\/pandemia\/wp-json\/wp\/v2\/users\/1"}],"replies":[{"embeddable":true,"href":"https:\/\/francesamaral.com\/pandemia\/wp-json\/wp\/v2\/comments?post=3"}],"version-history":[{"count":7,"href":"https:\/\/francesamaral.com\/pandemia\/wp-json\/wp\/v2\/pages\/3\/revisions"}],"predecessor-version":[{"id":5204,"href":"https:\/\/francesamaral.com\/pandemia\/wp-json\/wp\/v2\/pages\/3\/revisions\/5204"}],"wp:attachment":[{"href":"https:\/\/francesamaral.com\/pandemia\/wp-json\/wp\/v2\/media?parent=3"}],"curies":[{"name":"wp","href":"https:\/\/api.w.org\/{rel}","templated":true}]}}